{"id":18948,"date":"2021-07-20T06:53:09","date_gmt":"2021-07-20T06:53:09","guid":{"rendered":"https:\/\/www.cssinco.com\/cctv\/?post_type=product&#038;p=18948"},"modified":"2021-07-23T01:46:31","modified_gmt":"2021-07-23T01:46:31","slug":"tr-cm24-in","status":"publish","type":"product","link":"https:\/\/www.cssinco.com\/cctv\/product\/tr-cm24-in\/","title":{"rendered":"TR-CM24-IN"},"content":{"rendered":"<table width=\"100%\">\n<tbody>\n<tr>\n<td class=\"thead\" width=\"30%\">Bracket<\/td>\n<td class=\"thead\" width=\"70%\">TR-CM24-IN<\/td>\n<\/tr>\n<tr>\n<td valign=\"top\">Application<\/td>\n<td valign=\"top\">Wall installation for IPC323X and IPCD1XX Series fixed dome<\/td>\n<\/tr>\n<tr>\n<td>Dimensions<\/td>\n<td>\u00d8110 \u00d7 223.5mm (\u00d84.33\u201d \u00d7 8.80\u201d)<\/td>\n<\/tr>\n<tr>\n<td>Weight<\/td>\n<td>0.25kg (0.55lb)<\/td>\n<\/tr>\n<tr>\n<td>Material<\/td>\n<td>Aluminum alloy<\/td>\n<\/tr>\n<\/tbody>\n<\/table>\n","protected":false},"excerpt":{"rendered":"<p>Bracket TR-CM24-IN Application Wall installation for IPC323X and IPCD1XX Series fixed dome Dimensions \u00d8110 \u00d7 223.5mm (\u00d84.33\u201d \u00d7 8.80\u201d) Weight 0.25kg (0.55lb) Material Aluminum alloy<\/p>\n","protected":false},"featured_media":18949,"template":"","meta":[],"product_cat":[101],"product_tag":[],"_links":{"self":[{"href":"https:\/\/www.cssinco.com\/cctv\/wp-json\/wp\/v2\/product\/18948"}],"collection":[{"href":"https:\/\/www.cssinco.com\/cctv\/wp-json\/wp\/v2\/product"}],"about":[{"href":"https:\/\/www.cssinco.com\/cctv\/wp-json\/wp\/v2\/types\/product"}],"wp:featuredmedia":[{"embeddable":true,"href":"https:\/\/www.cssinco.com\/cctv\/wp-json\/wp\/v2\/media\/18949"}],"wp:attachment":[{"href":"https:\/\/www.cssinco.com\/cctv\/wp-json\/wp\/v2\/media?parent=18948"}],"wp:term":[{"taxonomy":"product_cat","embeddable":true,"href":"https:\/\/www.cssinco.com\/cctv\/wp-json\/wp\/v2\/product_cat?post=18948"},{"taxonomy":"product_tag","embeddable":true,"href":"https:\/\/www.cssinco.com\/cctv\/wp-json\/wp\/v2\/product_tag?post=18948"}],"curies":[{"name":"wp","href":"https:\/\/api.w.org\/{rel}","templated":true}]}}