{"id":18992,"date":"2021-07-21T02:26:24","date_gmt":"2021-07-21T02:26:24","guid":{"rendered":"https:\/\/www.cssinco.com\/cctv\/?post_type=product&#038;p=18992"},"modified":"2021-07-21T02:27:58","modified_gmt":"2021-07-21T02:27:58","slug":"tr-um06-e-in","status":"publish","type":"product","link":"https:\/\/www.cssinco.com\/cctv\/product\/tr-um06-e-in\/","title":{"rendered":"TR-UM06-E-IN"},"content":{"rendered":"<table width=\"100%\">\n<tbody>\n<tr>\n<td class=\"thead\" width=\"30%\">Bracket<\/td>\n<td class=\"thead\" width=\"70%\">TR-UM06-E-IN<\/td>\n<\/tr>\n<tr>\n<td valign=\"top\">Application<\/td>\n<td valign=\"top\">Indoor, incline installation for fixed dome<\/td>\n<\/tr>\n<tr>\n<td>Dimensions<\/td>\n<td>\u00d8108.0 \u00d7 24.2mm (\u00d84.25\u201d \u00d7 0.95\u201d)<\/td>\n<\/tr>\n<tr>\n<td>Weight<\/td>\n<td>0.04kg (0.1lb)<\/td>\n<\/tr>\n<tr>\n<td>Material<\/td>\n<td>Plastic<\/td>\n<\/tr>\n<\/tbody>\n<\/table>\n","protected":false},"excerpt":{"rendered":"<p>Bracket TR-UM06-E-IN Application Indoor, incline installation for fixed dome Dimensions \u00d8108.0 \u00d7 24.2mm (\u00d84.25\u201d \u00d7 0.95\u201d) Weight 0.04kg (0.1lb) Material Plastic<\/p>\n","protected":false},"featured_media":18993,"template":"","meta":[],"product_cat":[101],"product_tag":[],"_links":{"self":[{"href":"https:\/\/www.cssinco.com\/cctv\/wp-json\/wp\/v2\/product\/18992"}],"collection":[{"href":"https:\/\/www.cssinco.com\/cctv\/wp-json\/wp\/v2\/product"}],"about":[{"href":"https:\/\/www.cssinco.com\/cctv\/wp-json\/wp\/v2\/types\/product"}],"wp:featuredmedia":[{"embeddable":true,"href":"https:\/\/www.cssinco.com\/cctv\/wp-json\/wp\/v2\/media\/18993"}],"wp:attachment":[{"href":"https:\/\/www.cssinco.com\/cctv\/wp-json\/wp\/v2\/media?parent=18992"}],"wp:term":[{"taxonomy":"product_cat","embeddable":true,"href":"https:\/\/www.cssinco.com\/cctv\/wp-json\/wp\/v2\/product_cat?post=18992"},{"taxonomy":"product_tag","embeddable":true,"href":"https:\/\/www.cssinco.com\/cctv\/wp-json\/wp\/v2\/product_tag?post=18992"}],"curies":[{"name":"wp","href":"https:\/\/api.w.org\/{rel}","templated":true}]}}